{"id":2934,"date":"2022-08-16T06:15:07","date_gmt":"2022-08-16T06:15:07","guid":{"rendered":"https:\/\/sinfiltros.net\/?page_id=2934"},"modified":"2022-08-16T09:54:20","modified_gmt":"2022-08-16T09:54:20","slug":"influencers-silvers","status":"publish","type":"page","link":"https:\/\/sinfiltros.net\/index.php\/influencers-silvers\/","title":{"rendered":"Influencers Silvers"},"content":{"rendered":"\n<p class=\"has-ast-global-color-8-color has-text-color\">Vivimos una \u00e9poca que en redes sociales vemos diferentes tipos de Influencers, suelen ser personas j\u00f3venes que dan imagen a marcas para un p\u00fablico en concreto. En <strong>Sin Filtros Comunicaci\u00f3n somos la \u00fanica agencia <\/strong>que tiene los Influencers Silvers, personas maduras, atractivas, con cabello canoso de experiencia y que no ofrecen su imagen si no creen en la marca. <\/p>\n\n\n\n<p><\/p>\n\n\n\n<p class=\"has-ast-global-color-8-color has-text-color\">Nuestros clientes son marcas reales, que trabajan con seriedad y no venden motos, por ello, nuestros Influencers Silvers, hombres y mujeres, no dudan ni un momento en escuchar lo que deseamos transmitir como imagen.<\/p>\n\n\n\n<p><\/p>\n\n\n\n<p class=\"has-ast-global-color-8-color has-text-color\">Si necesitas el servicio de un Influencer Silvers, no dudes en contactar con nosotros para realizar un presupuesto a medida.<\/p>\n\n\n\n<p><\/p>\n\n\n\n<p class=\"has-ast-global-color-8-color has-text-color\">En el caso que quieras formar parte de nuestros\/as Influencer Silvers, no dudes en escribirnos un mail:  <strong>comunicaci\u00f3n@sinfiltros.net<\/strong><\/p>\n\n\n\n<div class=\"wp-block-buttons is-layout-flex wp-block-buttons-is-layout-flex\"><\/div>\n","protected":false},"excerpt":{"rendered":"<p>Vivimos una \u00e9poca que en redes sociales vemos diferentes tipos de Influencers, suelen ser personas j\u00f3venes que dan imagen a marcas para un p\u00fablico en concreto. En Sin Filtros Comunicaci\u00f3n somos la \u00fanica agencia que tiene los Influencers Silvers, personas maduras, atractivas, con cabello canoso de experiencia y que no ofrecen su imagen si no &hellip;<\/p>\n<p class=\"read-more\"> <a class=\"\" href=\"https:\/\/sinfiltros.net\/index.php\/influencers-silvers\/\"> <span class=\"screen-reader-text\">Influencers Silvers<\/span> Leer m\u00e1s &raquo;<\/a><\/p>\n","protected":false},"author":4,"featured_media":2971,"parent":0,"menu_order":0,"comment_status":"closed","ping_status":"closed","template":"","meta":{"footnotes":""},"class_list":["post-2934","page","type-page","status-publish","has-post-thumbnail","hentry"],"_links":{"self":[{"href":"https:\/\/sinfiltros.net\/index.php\/wp-json\/wp\/v2\/pages\/2934"}],"collection":[{"href":"https:\/\/sinfiltros.net\/index.php\/wp-json\/wp\/v2\/pages"}],"about":[{"href":"https:\/\/sinfiltros.net\/index.php\/wp-json\/wp\/v2\/types\/page"}],"author":[{"embeddable":true,"href":"https:\/\/sinfiltros.net\/index.php\/wp-json\/wp\/v2\/users\/4"}],"replies":[{"embeddable":true,"href":"https:\/\/sinfiltros.net\/index.php\/wp-json\/wp\/v2\/comments?post=2934"}],"version-history":[{"count":3,"href":"https:\/\/sinfiltros.net\/index.php\/wp-json\/wp\/v2\/pages\/2934\/revisions"}],"predecessor-version":[{"id":3001,"href":"https:\/\/sinfiltros.net\/index.php\/wp-json\/wp\/v2\/pages\/2934\/revisions\/3001"}],"wp:featuredmedia":[{"embeddable":true,"href":"https:\/\/sinfiltros.net\/index.php\/wp-json\/wp\/v2\/media\/2971"}],"wp:attachment":[{"href":"https:\/\/sinfiltros.net\/index.php\/wp-json\/wp\/v2\/media?parent=2934"}],"curies":[{"name":"wp","href":"https:\/\/api.w.org\/{rel}","templated":true}]}}