{"id":2931,"date":"2022-08-16T06:15:07","date_gmt":"2022-08-16T06:15:07","guid":{"rendered":"https:\/\/sinfiltros.net\/?page_id=2931"},"modified":"2022-08-16T07:21:50","modified_gmt":"2022-08-16T07:21:50","slug":"servicios","status":"publish","type":"page","link":"https:\/\/sinfiltros.net\/index.php\/servicios\/","title":{"rendered":"Servicios"},"content":{"rendered":"<span style=\"color: #000000;\">Destacamos por personalizar nuestros servicios en base a lo que nuestros clientes necesitan, primero de todo realizamos una reuni\u00f3n para saber cual es su objetivo y poder empezar a crear su nuevo camino con nosotros, estudiamos sus redes, sus productos o servicios, y una vez hemos absorbido totalmente sus necesidades, empezamos a juntar coraz\u00f3n para llegar a los sentimientos, cerebro para crear grandes ideas, valent\u00eda para ser diferentes, y nos calzamos los zapatos de rub\u00ed para llegar a la meta.<\/span>\n\n<span style=\"color: #000000;\">Ofrecemos tres tipos de packs para llevar la comunicaci\u00f3n de tu empresa, cada pack est\u00e1 pensado para llegar a tu meta, a la Ciudad Esmeralda, de una manera pr\u00e1ctica y efectiva sin desviarnos del camino. En el men\u00fa de los packs podr\u00e1s ver qu\u00e9 incluye cada uno, encontrar\u00e1s el Pack Espantap\u00e1jaros, el Pack Hojalata y el Pack Mago, y si ves que te falta algo en alguno o quieres sustituir alg\u00fan concepto, te personalizamos el pack.<\/span>\n\n<span style=\"color: #000000;\">Adem\u00e1s de nuestros packs, podemos ofrecerte el llevar tus campa\u00f1as publicitarias en redes, sesiones de fotograf\u00eda y v\u00eddeo para la creaci\u00f3n de contenido de tu marca, mantenimiento o actualizaci\u00f3n de tu p\u00e1gina web, creaci\u00f3n de blog, servicio de influencers silver (en su men\u00fa te explicamos de qu\u00e9 se trata), y cualquier cosa que puedas necesitar te la creamos con tan s\u00f3lo tres golpes de los zapatos rojos.<\/span>\n\n<span style=\"color: #000000;\"><!-- \/wp:paragraph --><\/span>\n\n<span style=\"color: #000000;\"><!-- wp:paragraph --><\/span>\n\n<span style=\"color: #000000;\"><!-- \/wp:paragraph --><\/span>\n\n<span style=\"color: #000000;\"><!-- wp:paragraph --><\/span>\n\n<span style=\"color: #000000;\"><!-- \/wp:paragraph --><\/span>","protected":false},"excerpt":{"rendered":"<p>Destacamos por personalizar nuestros servicios en base a lo que nuestros clientes necesitan, primero de todo realizamos una reuni\u00f3n para saber cual es su objetivo y poder empezar a crear su nuevo camino con nosotros, estudiamos sus redes, sus productos o servicios, y una vez hemos absorbido totalmente sus necesidades, empezamos a juntar coraz\u00f3n para &hellip;<\/p>\n<p class=\"read-more\"> <a class=\"\" href=\"https:\/\/sinfiltros.net\/index.php\/servicios\/\"> <span class=\"screen-reader-text\">Servicios<\/span> Leer m\u00e1s &raquo;<\/a><\/p>\n","protected":false},"author":4,"featured_media":2832,"parent":0,"menu_order":0,"comment_status":"open","ping_status":"closed","template":"","meta":{"footnotes":""},"class_list":["post-2931","page","type-page","status-publish","has-post-thumbnail","hentry"],"_links":{"self":[{"href":"https:\/\/sinfiltros.net\/index.php\/wp-json\/wp\/v2\/pages\/2931"}],"collection":[{"href":"https:\/\/sinfiltros.net\/index.php\/wp-json\/wp\/v2\/pages"}],"about":[{"href":"https:\/\/sinfiltros.net\/index.php\/wp-json\/wp\/v2\/types\/page"}],"author":[{"embeddable":true,"href":"https:\/\/sinfiltros.net\/index.php\/wp-json\/wp\/v2\/users\/4"}],"replies":[{"embeddable":true,"href":"https:\/\/sinfiltros.net\/index.php\/wp-json\/wp\/v2\/comments?post=2931"}],"version-history":[{"count":7,"href":"https:\/\/sinfiltros.net\/index.php\/wp-json\/wp\/v2\/pages\/2931\/revisions"}],"predecessor-version":[{"id":2959,"href":"https:\/\/sinfiltros.net\/index.php\/wp-json\/wp\/v2\/pages\/2931\/revisions\/2959"}],"wp:featuredmedia":[{"embeddable":true,"href":"https:\/\/sinfiltros.net\/index.php\/wp-json\/wp\/v2\/media\/2832"}],"wp:attachment":[{"href":"https:\/\/sinfiltros.net\/index.php\/wp-json\/wp\/v2\/media?parent=2931"}],"curies":[{"name":"wp","href":"https:\/\/api.w.org\/{rel}","templated":true}]}}