{"id":2930,"date":"2022-08-16T06:15:07","date_gmt":"2022-08-16T06:15:07","guid":{"rendered":"https:\/\/sinfiltros.net\/?page_id=2930"},"modified":"2022-08-16T09:51:55","modified_gmt":"2022-08-16T09:51:55","slug":"quienes-somos","status":"publish","type":"page","link":"https:\/\/sinfiltros.net\/index.php\/quienes-somos\/","title":{"rendered":"Qui\u00e9nes somos"},"content":{"rendered":"\n<p class=\"has-ast-global-color-8-color has-text-color\">Sin Filtros Comunicaci\u00f3n nace con un objetivo en concreto, crear Marca a grandes y peque\u00f1as empresas, aut\u00f3nomos, peque\u00f1os comercios, freelance&#8230; nuestra idea es poder dar servicio a cualquier profesional que quiera tener visibilidad en sus redes sociales. <\/p>\n\n\n\n<h6 class=\"has-ast-global-color-8-color has-text-color wp-block-heading\">Hacemos que tu marca est\u00e9 presente en las <strong>redes sociales<\/strong>. Realizamos la hoja de ruta de tus productos o servicios para que el <strong>contenido<\/strong> sea el m\u00e1s adecuado y llegue a tu <strong>cliente potencial<\/strong>.<\/h6>\n\n\n\n<p class=\"has-ast-global-color-8-color has-text-color\">Todos en la vida tenemos un camino a realizar, ya sea personal o laboral, nuestra gran inspiraci\u00f3n es la pel\u00edcula \u00abEl Mago de Oz\u00bb, Dorothy debe seguir el camino de baldosas amarillas para poder llegar a su meta, volver a su casa&#8230; Nosotros creamos tu camino para llegar a la meta que tu marca necesita, te facilitamos la valent\u00eda que le faltaba a Le\u00f3n, el coraz\u00f3n para llegar a tus futuros clientes, como el Hombre de Hojalata que lo necesitaba para sentir, ponemos todo nuestro cerebro para crear grandes ideas como quer\u00eda Espantap\u00e1jaros, y hacemos que te sientas en familia trabajando con nosotros, Dorothy su gran valor era la familia, por eso, quer\u00eda volver a casa, y con ayuda de sus zapatos de rub\u00ed podr\u00e1 afrontar los problemas o los imprevistos que le aparezcan durante el camino, nosotros&#8230;Somos tus zapatos de rub\u00ed.<\/p>\n\n\n\n<h6 class=\"has-ast-global-color-8-color has-text-color wp-block-heading\">Y como dijo Dorothy: \u00abSi caminamos lo suficiente, alguna vez <strong>llegaremos a alguna parte<\/strong>\u00bb <\/h6>\n\n\n\n<p><\/p>\n","protected":false},"excerpt":{"rendered":"<p>Sin Filtros Comunicaci\u00f3n nace con un objetivo en concreto, crear Marca a grandes y peque\u00f1as empresas, aut\u00f3nomos, peque\u00f1os comercios, freelance&#8230; nuestra idea es poder dar servicio a cualquier profesional que quiera tener visibilidad en sus redes sociales. Hacemos que tu marca est\u00e9 presente en las redes sociales. Realizamos la hoja de ruta de tus productos &hellip;<\/p>\n<p class=\"read-more\"> <a class=\"\" href=\"https:\/\/sinfiltros.net\/index.php\/quienes-somos\/\"> <span class=\"screen-reader-text\">Qui\u00e9nes somos<\/span> Leer m\u00e1s &raquo;<\/a><\/p>\n","protected":false},"author":4,"featured_media":2297,"parent":0,"menu_order":0,"comment_status":"open","ping_status":"closed","template":"","meta":{"footnotes":""},"class_list":["post-2930","page","type-page","status-publish","has-post-thumbnail","hentry"],"_links":{"self":[{"href":"https:\/\/sinfiltros.net\/index.php\/wp-json\/wp\/v2\/pages\/2930"}],"collection":[{"href":"https:\/\/sinfiltros.net\/index.php\/wp-json\/wp\/v2\/pages"}],"about":[{"href":"https:\/\/sinfiltros.net\/index.php\/wp-json\/wp\/v2\/types\/page"}],"author":[{"embeddable":true,"href":"https:\/\/sinfiltros.net\/index.php\/wp-json\/wp\/v2\/users\/4"}],"replies":[{"embeddable":true,"href":"https:\/\/sinfiltros.net\/index.php\/wp-json\/wp\/v2\/comments?post=2930"}],"version-history":[{"count":4,"href":"https:\/\/sinfiltros.net\/index.php\/wp-json\/wp\/v2\/pages\/2930\/revisions"}],"predecessor-version":[{"id":2984,"href":"https:\/\/sinfiltros.net\/index.php\/wp-json\/wp\/v2\/pages\/2930\/revisions\/2984"}],"wp:featuredmedia":[{"embeddable":true,"href":"https:\/\/sinfiltros.net\/index.php\/wp-json\/wp\/v2\/media\/2297"}],"wp:attachment":[{"href":"https:\/\/sinfiltros.net\/index.php\/wp-json\/wp\/v2\/media?parent=2930"}],"curies":[{"name":"wp","href":"https:\/\/api.w.org\/{rel}","templated":true}]}}